{"id":88,"date":"2021-07-28T04:25:19","date_gmt":"2021-07-28T04:25:19","guid":{"rendered":"https:\/\/kristilliset.com\/fi\/?page_id=88"},"modified":"2026-05-03T09:55:09","modified_gmt":"2026-05-03T09:55:09","slug":"etusivu","status":"publish","type":"page","link":"https:\/\/kristilliset.com\/fi\/","title":{"rendered":"Etusivu"},"content":{"rendered":"<h3>Tervetuloa kristilliset.com -portaaliin!<\/h3>\n<p><strong>Kristilliset.com<\/strong> on yksityishenkil\u00f6n vuonna 2006 perustama ja ylll\u00e4pit\u00e4m\u00e4 evankelioiva kristillinen portaali toimien my\u00f6s mm. kristillisten palveluiden tehokkaana informaatiokanavana. Uusia kristillisi\u00e4 palveluita lis\u00e4t\u00e4\u00e4n sivustolle s\u00e4\u00e4nn\u00f6llisesti.<br \/>\n<strong>L\u00f6yd\u00e4t meid\u00e4t my\u00f6s Facebookista <\/strong><a href=\"https:\/\/www.facebook.com\/kristillisetcom\" target=\"_blank\" rel=\"noopener\"><strong><u>www.facebook.com\/KristillisetCom<\/u><\/strong><\/a><\/p>\n<p><a id=\"ylos\" name=\"ylos\"><\/a><\/p>\n<div class=\"responsive-tabs\">\n<h2 class=\"tabtitle\">Jeesuksen yl\u00f6snousemus<\/h2>\n<div class=\"tabcontent\">\n\n<p>Kristus nousi kuolleista! Kristuksen yl\u00f6snousemus on kristinuskon perusta. Ohessa kristilliset.com yll\u00e4pidon kokoamia hyvin perusteltuja ja yl\u00f6snousemus-toivoamme vahvistavia artikkeli-linkkej\u00e4:<\/p>\n<p><a href=\"https:\/\/whoisjesus-really.com\/\" target=\"_blank\" rel=\"noopener\">Yl\u00f6snousemus<\/a> whoisjesus-really.com<\/p>\n<p><a href=\"http:\/\/uskonpuolesta.blogspot.com\/2009\/04\/ylosnousemus-jumala-jatti-jalkensa.html\" target=\"_blank\" rel=\"noopener\">Yl\u00f6snousemus &#8211; Jumala j\u00e4tti j\u00e4lkens\u00e4 historiaan<\/a> Uskon Puolesta Pasi Turunen<\/p>\n<p>\n<\/div><h2 class=\"tabtitle\">P\u00e4iv\u00e4n Sana<\/h2>\n<div class=\"tabcontent\">\n<br \/>\n<strong>P\u00e4iv\u00e4n Sana <\/strong><\/p>\n<p>Joh. 3:14 Ja niinkuin Mooses ylensi k\u00e4\u00e4rmeen er\u00e4maassa, niin pit\u00e4\u00e4 Ihmisen Poika ylennett\u00e4m\u00e4n,<\/p>\n<p>Joh. 3:15 ett\u00e4 jokaisella, joka h\u00e4neen uskoo, olisi iankaikkinen el\u00e4m\u00e4.<\/p>\n<p>Joh. 3:16 Sill\u00e4 niin on Jumala maailmaa rakastanut, ett\u00e4 h\u00e4n antoi ainokaisen Poikansa, ettei yksik\u00e4\u00e4n, joka h\u00e4neen uskoo, hukkuisi, vaan h\u00e4nell\u00e4 olisi iankaikkinen el\u00e4m\u00e4. <\/p>\n\n<\/div><h2 class=\"tabtitle\">Todistuksia<\/h2>\n<div class=\"tabcontent\">\n\n<p>Konkreettisia todistuksia ihmisten uskoon tulemisesta ja miten Jumala toimii heid\u00e4n henkil\u00f6kohtaisessa el\u00e4m\u00e4ss\u00e4\u00e4n.<\/p>\n<p><a href=\"https:\/\/tuleuskoon.fi\/tarinat\/\" target=\"_blank\" rel=\"noopener\">Tuleuskoon.fi\/tarinat<\/a><\/p>\n\n<\/div><h2 class=\"tabtitle\">Raamattupiiri-materiaalia<\/h2>\n<div class=\"tabcontent\">\n\n<p>Oletko miettinyt raamattupiirin perustamista? Tai tarvitsetko materiaalia jo olemassaolevan raamattupiirin toimintaan? Kristilliset.com on ker\u00e4nnyt raamattupiiri-toiminnan tukemiseksi linkkej\u00e4 www-sivustoihin, joissa on raamattupiirien perustamiseen ja\/tai jo olemassa olevan raamattupiirin pit\u00e4miseen liittyvi\u00e4 hyvi\u00e4 ohjeita ja raamattupiiri-materiaalia.<br \/>\n<a href=\"https:\/\/www.kristilliset.com\/fi\/esittelyt\/raamattupiiri\"><u>Tutustu t\u00e4st\u00e4<\/u><\/a><\/p>\n\n<\/div><h2 class=\"tabtitle\">Linkkivinkki<\/h2>\n<div class=\"tabcontent\">\n\n<p><a href=\"http:\/\/www.kolumbus.fi\/rov.o.peltola\/vt\/vtloytoretki.html\" target=\"_blank\" rel=\"noopener\"><img loading=\"lazy\" decoding=\"async\" src=\"https:\/\/www.kristilliset.com\/images\/holybiblemain.jpg\" width=\"184\" height=\"68\" border=\"0\" \/><\/a><\/p>\n<p><strong>Rovasti Olavi Peltolan<\/strong> teokset<br \/>\nL\u00f6yt\u00f6retki Vanhaan Testamenttiin&#8221; ja &#8221;L\u00f6yt\u00f6retki Uuteen Testamenttiin&#8221; netiss\u00e4 luettavaksi. Teokset esittelev\u00e4t jokaisen Raamatun kirjan.<br \/>\n<a href=\"https:\/\/rovasti.fi\/loytoretkivt\">L\u00f6yt\u00f6retki Vanhaan Testamenttiin<\/a><br \/>\n<a href=\"https:\/\/rovasti.fi\/loytoretkiut\">L\u00f6yt\u00f6retki Uuteen Testamenttiin<\/a><\/p>\n<\/div><\/div>\n<hr \/>\n<p><a href=\"https:\/\/esuite-kotimaa.atexsoftware.com\/add-to-cart\/1768\"><br \/>\n <img decoding=\"async\" src=\"https:\/\/www.kristilliset.com\/images\/kotimaa-2026.jpg\" border=\"0\" alt=\"Kotimaa-lehti\" title=\"Kotimaa-lehti\" width=\"100%\" \/><\/a><br \/>\n<a href=\"https:\/\/kamp.jaicom.com\/kotimaa\/\"><strong>=> TILAA ASKEL-LEHTI T\u00c4ST\u00c4<\/strong><\/a>&nbsp;&nbsp; <a href=\"https:\/\/esuite-kotimaa.atexsoftware.com\/add-to-cart\/2016\"><strong>=> TILAA KOTIMAA-LEHTI T\u00c4ST\u00c4<\/strong><\/a><\/p>\n<hr \/>\n<p><a href=\"https:\/\/www.fountainsoflife.fi\/\" target=\"_blank\" rel=\"noopener\"><img decoding=\"async\" title=\"Fountains of life -verkkokauppa\" src=\"https:\/\/www.kristilliset.com\/images\/fountainsoflife-kosmetiikka.jpg\" alt=\"Fountains of life -verkkokauppa\" width=\"100%\" border=\"0\" \/><\/a><\/p>\n<hr \/>\n<p><a href=\"https:\/\/www.sana.fi\/lahjasinulle\"><br \/>\n <img decoding=\"async\" src=\"https:\/\/www.kristilliset.com\/images\/sana-lehti-kannet.jpg\" border=\"0\" alt=\"Sana-lehti\" title=\"Sana-lehti\" width=\"100%\" \/><\/a><\/p>\n<hr \/>\n<p><a href=\"http:\/\/www.tosimies-lehti.fi\/\" target=\"_blank\" rel=\"noopener\"><br \/>\n<img decoding=\"async\" title=\"Tosimies-lehti\" src=\"\/images\/Tosimies.jpg\" alt=\"Tosimies-lehti\" width=\"100%\" border=\"0\" \/><\/a><\/p>\n<hr \/>\n<p><a href=\"https:\/\/esuite-kotimaa.atexsoftware.com\/add-to-cart\/2212\"><br \/>\n <img decoding=\"async\" src=\"https:\/\/www.kristilliset.com\/images\/askel-2026.jpg\" border=\"0\" alt=\"Askel-lehti\" title=\"Askel-lehti\" width=\"100%\" \/><\/a><\/p>\n<hr \/>\n<p><a href=\"http:\/\/www.fhfinland.fi\" target=\"_blank\" rel=\"noopener\"><br \/>\n<img decoding=\"async\" title=\"Fatherheart Finland\" src=\"https:\/\/www.kristilliset.com\/images\/fhfinland2025.jpg\" alt=\"Fatherheart Finland\" width=\"100%\" border=\"0\" \/><\/a><br \/>\n<a href=\"https:\/\/www.fhfinland.fi\/materiaalit\/verkkokauppa\">Is\u00e4n Syd\u00e4n kirjat ja \u00e4\u00e4nitteet, Fatherheart Finland<\/a><br \/>\n<a href=\"https:\/\/www.fhfinland.fi\/materiaalit\/verkkokauppa\">Fatherheart Finland kirjat ja \u00e4\u00e4nitteet, Is\u00e4n Syd\u00e4n Suomi<\/a><\/p>\n<hr \/>\n<p><a href=\"https:\/\/www.nainenkaivolla.fi\"><img decoding=\"async\" title=\"Nainen kaivolla\" src=\"https:\/\/www.kristilliset.com\/images\/nainenkaivolla.jpg\" alt=\"Nainen kaivolla\" width=\"100%\" border=\"0\" \/><\/a><br \/>\n<strong>Nainen Kaivolla<br \/>\nKristillisi\u00e4 lahjatavaroita | Koruja | Kosmetiikkaa<\/strong><br \/>\n<a href=\"https:\/\/www.nainenkaivolla.fi\"><strong>www.nainenkaivolla.fi<\/strong><\/a> | <a href=\"https:\/\/www.facebook.com\/NainenKaivolla\/\"><strong>Facebook<\/strong> | <\/a><a href=\"https:\/\/www.instagram.com\/nainenkaivolla\/\"><strong>Instagram<\/strong><\/a><\/p>\n<p><a href=\"https:\/\/www.nainenkaivolla.fi\"><strong>==&gt; Siirry verkkokauppaan<\/strong><\/a><br \/>\n<a href=\"https:\/\/www.nainenkaivolla.fi\/pages\/myymala\"><strong>==&gt; Kivijalkamyym\u00e4l\u00e4<\/strong><\/a><\/p>\n<hr \/>\n<p><a href=\"http:\/\/www.vaihtoehtohautakivelle.fi\/\" target=\"_blank\" rel=\"noopener\"><br \/>\n<img decoding=\"async\" title=\"Vaihtoehtohautakivelle.fi - Merjarit- hautamuistomerkit\" src=\"https:\/\/www.kristilliset.com\/images\/merjarit_mainos_kristilliset.jpg\" alt=\"Vaihtoehtohautakivelle.fi - Merjarit Ky\" width=\"100%\" border=\"0\" \/><\/a><\/p>\n<hr \/>\n<p><strong>Kristillinen linkkipankki &#8211; laaja linkkikokoelma kristillisiin internet-sivustoihin!<\/strong><\/p>\n<p>Kristilliset.com -sivustolla on eritt\u00e4in laaja kristillinen linkkipankki eli linkkej\u00e4 muiden tuottamiin www-sivustoihin. Emme vastaa muiden tuottamien sivujen sis\u00e4ll\u00f6st\u00e4(pid\u00e4 se, mik\u00e4 hyv\u00e4\u00e4 on) tai niiss\u00e4 olevien linkkien toimivuudesta. Siksi on t\u00e4rke\u00e4\u00e4, ett\u00e4 ilmoitathan, jos jokin linkki johtaa laittomaan tai hyv\u00e4n tavan vastaiseen aineistoon. Pyrimme tarkistamaan linkit itsekin s\u00e4\u00e4nn\u00f6llisesti, mutta k\u00e4yt\u00e4nn\u00f6ss\u00e4 jokaisen sivuston tarkistaminen ei voi olla kuin pintapuolista.<br \/>\n<a href=\"https:\/\/www.kristilliset.com\/fi\/esittelyt\/linkkipankki\"><u><strong>Linkkipankkiin<\/strong><\/u><\/a><\/p>\n<p><strong>Kristilliset videot!<\/strong><\/p>\n<p><a href=\"https:\/\/kristilliset.com\/fi\/esittelyt\/kristilliset-videot\/\">Katso kristillisi\u00e4 videoita ilmaiseksi<\/a>. Osa videoista englannin kielisi\u00e4, joiden l\u00e4hde (jollei toisin erikseen mainittu): Youtube. Videot avautuvat ja n\u00e4ytet\u00e4\u00e4n Youtube-ikkunassa.<br \/>\n<a href=\"https:\/\/kristilliset.com\/fi\/esittelyt\/kristilliset-videot\/\">Video-valikoimaan t\u00e4st\u00e4<\/a><\/p>\n","protected":false},"excerpt":{"rendered":"<p>Tervetuloa kristilliset.com -portaaliin! Kristilliset.com on yksityishenkil\u00f6n vuonna 2006 perustama ja ylll\u00e4pit\u00e4m\u00e4 evankelioiva kristillinen portaali toimien my\u00f6s mm. kristillisten palveluiden tehokkaana informaatiokanavana. Uusia kristillisi\u00e4 palveluita lis\u00e4t\u00e4\u00e4n sivustolle s\u00e4\u00e4nn\u00f6llisesti. L\u00f6yd\u00e4t meid\u00e4t my\u00f6s Facebookista www.facebook.com\/KristillisetCom Kristus nousi kuolleista! Kristuksen yl\u00f6snousemus on kristinuskon perusta&#8230;. <a class=\"more-link\" href=\"https:\/\/kristilliset.com\/fi\/\">Continue Reading &rarr;<\/a><\/p>\n<div class='heateorSssClear'><\/div><div  class='heateor_sss_sharing_container heateor_sss_horizontal_sharing' data-heateor-sss-href='https:\/\/kristilliset.com\/fi\/'><div class='heateor_sss_sharing_title' style=\"font-weight:bold\" >Jaa t\u00e4m\u00e4 sivu \/ artikkeli<\/div><div class=\"heateor_sss_sharing_ul\"><a aria-label=\"Facebook\" class=\"heateor_sss_facebook\" href=\"https:\/\/www.facebook.com\/sharer\/sharer.php?u=https%3A%2F%2Fkristilliset.com%2Ffi%2F\" title=\"Facebook\" rel=\"nofollow noopener\" target=\"_blank\" style=\"font-size:32px!important;box-shadow:none;display:inline-block;vertical-align:middle\"><span class=\"heateor_sss_svg\" style=\"background-color:#0765FE;width:70px;height:35px;display:inline-block;opacity:1;float:left;font-size:32px;box-shadow:none;display:inline-block;font-size:16px;padding:0 4px;vertical-align:middle;background-repeat:repeat;overflow:hidden;padding:0;cursor:pointer;box-sizing:content-box\"><svg style=\"display:block;\" focusable=\"false\" aria-hidden=\"true\" xmlns=\"http:\/\/www.w3.org\/2000\/svg\" width=\"100%\" height=\"100%\" viewBox=\"0 0 32 32\"><path fill=\"#fff\" d=\"M28 16c0-6.627-5.373-12-12-12S4 9.373 4 16c0 5.628 3.875 10.35 9.101 11.647v-7.98h-2.474V16H13.1v-1.58c0-4.085 1.849-5.978 5.859-5.978.76 0 2.072.15 2.608.298v3.325c-.283-.03-.775-.045-1.386-.045-1.967 0-2.728.745-2.728 2.683V16h3.92l-.673 3.667h-3.247v8.245C23.395 27.195 28 22.135 28 16Z\"><\/path><\/svg><\/span><\/a><a aria-label=\"Twitter\" class=\"heateor_sss_button_twitter\" href=\"https:\/\/twitter.com\/intent\/tweet?text=Etusivu&url=https%3A%2F%2Fkristilliset.com%2Ffi%2F\" title=\"Twitter\" rel=\"nofollow noopener\" target=\"_blank\" style=\"font-size:32px!important;box-shadow:none;display:inline-block;vertical-align:middle\"><span class=\"heateor_sss_svg heateor_sss_s__default heateor_sss_s_twitter\" style=\"background-color:#55acee;width:70px;height:35px;display:inline-block;opacity:1;float:left;font-size:32px;box-shadow:none;display:inline-block;font-size:16px;padding:0 4px;vertical-align:middle;background-repeat:repeat;overflow:hidden;padding:0;cursor:pointer;box-sizing:content-box\"><svg style=\"display:block;\" focusable=\"false\" aria-hidden=\"true\" xmlns=\"http:\/\/www.w3.org\/2000\/svg\" width=\"100%\" height=\"100%\" viewBox=\"-4 -4 39 39\"><path d=\"M28 8.557a9.913 9.913 0 0 1-2.828.775 4.93 4.93 0 0 0 2.166-2.725 9.738 9.738 0 0 1-3.13 1.194 4.92 4.92 0 0 0-3.593-1.55 4.924 4.924 0 0 0-4.794 6.049c-4.09-.21-7.72-2.17-10.15-5.15a4.942 4.942 0 0 0-.665 2.477c0 1.71.87 3.214 2.19 4.1a4.968 4.968 0 0 1-2.23-.616v.06c0 2.39 1.7 4.38 3.952 4.83-.414.115-.85.174-1.297.174-.318 0-.626-.03-.928-.086a4.935 4.935 0 0 0 4.6 3.42 9.893 9.893 0 0 1-6.114 2.107c-.398 0-.79-.023-1.175-.068a13.953 13.953 0 0 0 7.55 2.213c9.056 0 14.01-7.507 14.01-14.013 0-.213-.005-.426-.015-.637.96-.695 1.795-1.56 2.455-2.55z\" fill=\"#fff\"><\/path><\/svg><\/span><\/a><a aria-label=\"Whatsapp\" class=\"heateor_sss_whatsapp\" href=\"https:\/\/api.whatsapp.com\/send?text=Etusivu%20https%3A%2F%2Fkristilliset.com%2Ffi%2F\" title=\"Whatsapp\" rel=\"nofollow noopener\" target=\"_blank\" style=\"font-size:32px!important;box-shadow:none;display:inline-block;vertical-align:middle\"><span class=\"heateor_sss_svg\" style=\"background-color:#55eb4c;width:70px;height:35px;display:inline-block;opacity:1;float:left;font-size:32px;box-shadow:none;display:inline-block;font-size:16px;padding:0 4px;vertical-align:middle;background-repeat:repeat;overflow:hidden;padding:0;cursor:pointer;box-sizing:content-box\"><svg style=\"display:block;\" focusable=\"false\" aria-hidden=\"true\" xmlns=\"http:\/\/www.w3.org\/2000\/svg\" width=\"100%\" height=\"100%\" viewBox=\"-6 -5 40 40\"><path class=\"heateor_sss_svg_stroke heateor_sss_no_fill\" stroke=\"#fff\" stroke-width=\"2\" fill=\"none\" d=\"M 11.579798566743314 24.396926207859085 A 10 10 0 1 0 6.808479557110079 20.73576436351046\"><\/path><path d=\"M 7 19 l -1 6 l 6 -1\" class=\"heateor_sss_no_fill heateor_sss_svg_stroke\" stroke=\"#fff\" stroke-width=\"2\" fill=\"none\"><\/path><path d=\"M 10 10 q -1 8 8 11 c 5 -1 0 -6 -1 -3 q -4 -3 -5 -5 c 4 -2 -1 -5 -1 -4\" fill=\"#fff\"><\/path><\/svg><\/span><\/a><a aria-label=\"Linkedin\" class=\"heateor_sss_button_linkedin\" href=\"https:\/\/www.linkedin.com\/sharing\/share-offsite\/?url=https%3A%2F%2Fkristilliset.com%2Ffi%2F\" title=\"Linkedin\" rel=\"nofollow noopener\" target=\"_blank\" style=\"font-size:32px!important;box-shadow:none;display:inline-block;vertical-align:middle\"><span class=\"heateor_sss_svg heateor_sss_s__default heateor_sss_s_linkedin\" style=\"background-color:#0077b5;width:70px;height:35px;display:inline-block;opacity:1;float:left;font-size:32px;box-shadow:none;display:inline-block;font-size:16px;padding:0 4px;vertical-align:middle;background-repeat:repeat;overflow:hidden;padding:0;cursor:pointer;box-sizing:content-box\"><svg style=\"display:block;\" focusable=\"false\" aria-hidden=\"true\" xmlns=\"http:\/\/www.w3.org\/2000\/svg\" width=\"100%\" height=\"100%\" viewBox=\"0 0 32 32\"><path d=\"M6.227 12.61h4.19v13.48h-4.19V12.61zm2.095-6.7a2.43 2.43 0 0 1 0 4.86c-1.344 0-2.428-1.09-2.428-2.43s1.084-2.43 2.428-2.43m4.72 6.7h4.02v1.84h.058c.56-1.058 1.927-2.176 3.965-2.176 4.238 0 5.02 2.792 5.02 6.42v7.395h-4.183v-6.56c0-1.564-.03-3.574-2.178-3.574-2.18 0-2.514 1.7-2.514 3.46v6.668h-4.187V12.61z\" fill=\"#fff\"><\/path><\/svg><\/span><\/a><a aria-label=\"Instagram\" class=\"heateor_sss_button_instagram\" href=\"https:\/\/www.instagram.com\/\" title=\"Instagram\" rel=\"nofollow noopener\" target=\"_blank\" style=\"font-size:32px!important;box-shadow:none;display:inline-block;vertical-align:middle\"><span class=\"heateor_sss_svg\" style=\"background-color:#53beee;width:70px;height:35px;display:inline-block;opacity:1;float:left;font-size:32px;box-shadow:none;display:inline-block;font-size:16px;padding:0 4px;vertical-align:middle;background-repeat:repeat;overflow:hidden;padding:0;cursor:pointer;box-sizing:content-box\"><svg style=\"display:block;\" version=\"1.1\" viewBox=\"-10 -10 148 148\" width=\"100%\" height=\"100%\" xml:space=\"preserve\" xmlns=\"http:\/\/www.w3.org\/2000\/svg\" xmlns:xlink=\"http:\/\/www.w3.org\/1999\/xlink\"><g><g><path d=\"M86,112H42c-14.336,0-26-11.663-26-26V42c0-14.337,11.664-26,26-26h44c14.337,0,26,11.663,26,26v44 C112,100.337,100.337,112,86,112z M42,24c-9.925,0-18,8.074-18,18v44c0,9.925,8.075,18,18,18h44c9.926,0,18-8.075,18-18V42 c0-9.926-8.074-18-18-18H42z\" fill=\"#fff\"><\/path><\/g><g><path d=\"M64,88c-13.234,0-24-10.767-24-24c0-13.234,10.766-24,24-24s24,10.766,24,24C88,77.233,77.234,88,64,88z M64,48c-8.822,0-16,7.178-16,16s7.178,16,16,16c8.822,0,16-7.178,16-16S72.822,48,64,48z\" fill=\"#fff\"><\/path><\/g><g><circle cx=\"89.5\" cy=\"38.5\" fill=\"#fff\" r=\"5.5\"><\/circle><\/g><\/g><\/svg><\/span><\/a><\/div><div class=\"heateorSssClear\"><\/div><\/div><div class='heateorSssClear'><\/div>","protected":false},"author":1,"featured_media":0,"parent":0,"menu_order":0,"comment_status":"closed","ping_status":"closed","template":"","meta":{"footnotes":""},"class_list":["post-88","page","type-page","status-publish","hentry"],"yoast_head":"<!-- This site is optimized with the Yoast SEO plugin v27.5 - https:\/\/yoast.com\/product\/yoast-seo-wordpress\/ -->\n<title>Tervetuloa kristilliset.com - portaaliin! Kristilliset.com on vuonna 2006 perustettu evankelioiva kristillinen portaali, joka toimii my\u00f6s mm. kristillisten palveluiden tehokkaana informaatio-\/markkinointikanavana sek\u00e4 laajana kristillisen\u00e4 linkkipankkina<\/title>\n<meta name=\"description\" content=\"Kristilliset.com toimii my\u00f6s mm. kristillisten palveluiden tehokkaana informaatio-\/markkinointikanavana sek\u00e4 laajana kristillisen\u00e4 linkkipankkina.\" \/>\n<meta name=\"robots\" content=\"index, follow, max-snippet:-1, max-image-preview:large, max-video-preview:-1\" \/>\n<link rel=\"canonical\" href=\"https:\/\/kristilliset.com\/fi\/\" \/>\n<meta property=\"og:locale\" content=\"fi_FI\" \/>\n<meta property=\"og:type\" content=\"article\" \/>\n<meta property=\"og:title\" content=\"Tervetuloa kristilliset.com - portaaliin! Kristilliset.com on vuonna 2006 perustettu evankelioiva kristillinen portaali, joka toimii my\u00f6s mm. kristillisten palveluiden tehokkaana informaatio-\/markkinointikanavana sek\u00e4 laajana kristillisen\u00e4 linkkipankkina\" \/>\n<meta property=\"og:description\" content=\"Kristilliset.com toimii my\u00f6s mm. kristillisten palveluiden tehokkaana informaatio-\/markkinointikanavana sek\u00e4 laajana kristillisen\u00e4 linkkipankkina.\" \/>\n<meta property=\"og:url\" content=\"https:\/\/kristilliset.com\/fi\/\" \/>\n<meta property=\"og:site_name\" content=\"Kristilliset.com\" \/>\n<meta property=\"article:modified_time\" content=\"2026-05-03T09:55:09+00:00\" \/>\n<meta property=\"og:image\" content=\"https:\/\/www.kristilliset.com\/images\/holybiblemain.jpg\" \/>\n<meta name=\"twitter:card\" content=\"summary_large_image\" \/>\n<meta name=\"twitter:label1\" content=\"Arvioitu lukuaika\" \/>\n\t<meta name=\"twitter:data1\" content=\"5 minuuttia\" \/>\n<script type=\"application\/ld+json\" class=\"yoast-schema-graph\">{\"@context\":\"https:\\\/\\\/schema.org\",\"@graph\":[{\"@type\":\"WebPage\",\"@id\":\"https:\\\/\\\/kristilliset.com\\\/fi\\\/\",\"url\":\"https:\\\/\\\/kristilliset.com\\\/fi\\\/\",\"name\":\"Tervetuloa kristilliset.com - portaaliin! Kristilliset.com on vuonna 2006 perustettu evankelioiva kristillinen portaali, joka toimii my\u00f6s mm. kristillisten palveluiden tehokkaana informaatio-\\\/markkinointikanavana sek\u00e4 laajana kristillisen\u00e4 linkkipankkina\",\"isPartOf\":{\"@id\":\"https:\\\/\\\/kristilliset.com\\\/fi\\\/#website\"},\"primaryImageOfPage\":{\"@id\":\"https:\\\/\\\/kristilliset.com\\\/fi\\\/#primaryimage\"},\"image\":{\"@id\":\"https:\\\/\\\/kristilliset.com\\\/fi\\\/#primaryimage\"},\"thumbnailUrl\":\"https:\\\/\\\/www.kristilliset.com\\\/images\\\/holybiblemain.jpg\",\"datePublished\":\"2021-07-28T04:25:19+00:00\",\"dateModified\":\"2026-05-03T09:55:09+00:00\",\"description\":\"Kristilliset.com toimii my\u00f6s mm. kristillisten palveluiden tehokkaana informaatio-\\\/markkinointikanavana sek\u00e4 laajana kristillisen\u00e4 linkkipankkina.\",\"breadcrumb\":{\"@id\":\"https:\\\/\\\/kristilliset.com\\\/fi\\\/#breadcrumb\"},\"inLanguage\":\"fi\",\"potentialAction\":[{\"@type\":\"ReadAction\",\"target\":[\"https:\\\/\\\/kristilliset.com\\\/fi\\\/\"]}]},{\"@type\":\"ImageObject\",\"inLanguage\":\"fi\",\"@id\":\"https:\\\/\\\/kristilliset.com\\\/fi\\\/#primaryimage\",\"url\":\"https:\\\/\\\/www.kristilliset.com\\\/images\\\/holybiblemain.jpg\",\"contentUrl\":\"https:\\\/\\\/www.kristilliset.com\\\/images\\\/holybiblemain.jpg\"},{\"@type\":\"BreadcrumbList\",\"@id\":\"https:\\\/\\\/kristilliset.com\\\/fi\\\/#breadcrumb\",\"itemListElement\":[{\"@type\":\"ListItem\",\"position\":1,\"name\":\"Etusivu\",\"item\":\"https:\\\/\\\/kristilliset.com\\\/fi\\\/\"},{\"@type\":\"ListItem\",\"position\":2,\"name\":\"Etusivu\"}]},{\"@type\":\"WebSite\",\"@id\":\"https:\\\/\\\/kristilliset.com\\\/fi\\\/#website\",\"url\":\"https:\\\/\\\/kristilliset.com\\\/fi\\\/\",\"name\":\"Kristilliset.com\",\"description\":\"\",\"potentialAction\":[{\"@type\":\"SearchAction\",\"target\":{\"@type\":\"EntryPoint\",\"urlTemplate\":\"https:\\\/\\\/kristilliset.com\\\/fi\\\/?s={search_term_string}\"},\"query-input\":{\"@type\":\"PropertyValueSpecification\",\"valueRequired\":true,\"valueName\":\"search_term_string\"}}],\"inLanguage\":\"fi\"}]}<\/script>\n<!-- \/ Yoast SEO plugin. -->","yoast_head_json":{"title":"Tervetuloa kristilliset.com - portaaliin! Kristilliset.com on vuonna 2006 perustettu evankelioiva kristillinen portaali, joka toimii my\u00f6s mm. kristillisten palveluiden tehokkaana informaatio-\/markkinointikanavana sek\u00e4 laajana kristillisen\u00e4 linkkipankkina","description":"Kristilliset.com toimii my\u00f6s mm. kristillisten palveluiden tehokkaana informaatio-\/markkinointikanavana sek\u00e4 laajana kristillisen\u00e4 linkkipankkina.","robots":{"index":"index","follow":"follow","max-snippet":"max-snippet:-1","max-image-preview":"max-image-preview:large","max-video-preview":"max-video-preview:-1"},"canonical":"https:\/\/kristilliset.com\/fi\/","og_locale":"fi_FI","og_type":"article","og_title":"Tervetuloa kristilliset.com - portaaliin! Kristilliset.com on vuonna 2006 perustettu evankelioiva kristillinen portaali, joka toimii my\u00f6s mm. kristillisten palveluiden tehokkaana informaatio-\/markkinointikanavana sek\u00e4 laajana kristillisen\u00e4 linkkipankkina","og_description":"Kristilliset.com toimii my\u00f6s mm. kristillisten palveluiden tehokkaana informaatio-\/markkinointikanavana sek\u00e4 laajana kristillisen\u00e4 linkkipankkina.","og_url":"https:\/\/kristilliset.com\/fi\/","og_site_name":"Kristilliset.com","article_modified_time":"2026-05-03T09:55:09+00:00","og_image":[{"url":"https:\/\/www.kristilliset.com\/images\/holybiblemain.jpg","type":"","width":"","height":""}],"twitter_card":"summary_large_image","twitter_misc":{"Arvioitu lukuaika":"5 minuuttia"},"schema":{"@context":"https:\/\/schema.org","@graph":[{"@type":"WebPage","@id":"https:\/\/kristilliset.com\/fi\/","url":"https:\/\/kristilliset.com\/fi\/","name":"Tervetuloa kristilliset.com - portaaliin! Kristilliset.com on vuonna 2006 perustettu evankelioiva kristillinen portaali, joka toimii my\u00f6s mm. kristillisten palveluiden tehokkaana informaatio-\/markkinointikanavana sek\u00e4 laajana kristillisen\u00e4 linkkipankkina","isPartOf":{"@id":"https:\/\/kristilliset.com\/fi\/#website"},"primaryImageOfPage":{"@id":"https:\/\/kristilliset.com\/fi\/#primaryimage"},"image":{"@id":"https:\/\/kristilliset.com\/fi\/#primaryimage"},"thumbnailUrl":"https:\/\/www.kristilliset.com\/images\/holybiblemain.jpg","datePublished":"2021-07-28T04:25:19+00:00","dateModified":"2026-05-03T09:55:09+00:00","description":"Kristilliset.com toimii my\u00f6s mm. kristillisten palveluiden tehokkaana informaatio-\/markkinointikanavana sek\u00e4 laajana kristillisen\u00e4 linkkipankkina.","breadcrumb":{"@id":"https:\/\/kristilliset.com\/fi\/#breadcrumb"},"inLanguage":"fi","potentialAction":[{"@type":"ReadAction","target":["https:\/\/kristilliset.com\/fi\/"]}]},{"@type":"ImageObject","inLanguage":"fi","@id":"https:\/\/kristilliset.com\/fi\/#primaryimage","url":"https:\/\/www.kristilliset.com\/images\/holybiblemain.jpg","contentUrl":"https:\/\/www.kristilliset.com\/images\/holybiblemain.jpg"},{"@type":"BreadcrumbList","@id":"https:\/\/kristilliset.com\/fi\/#breadcrumb","itemListElement":[{"@type":"ListItem","position":1,"name":"Etusivu","item":"https:\/\/kristilliset.com\/fi\/"},{"@type":"ListItem","position":2,"name":"Etusivu"}]},{"@type":"WebSite","@id":"https:\/\/kristilliset.com\/fi\/#website","url":"https:\/\/kristilliset.com\/fi\/","name":"Kristilliset.com","description":"","potentialAction":[{"@type":"SearchAction","target":{"@type":"EntryPoint","urlTemplate":"https:\/\/kristilliset.com\/fi\/?s={search_term_string}"},"query-input":{"@type":"PropertyValueSpecification","valueRequired":true,"valueName":"search_term_string"}}],"inLanguage":"fi"}]}},"_links":{"self":[{"href":"https:\/\/kristilliset.com\/fi\/wp-json\/wp\/v2\/pages\/88","targetHints":{"allow":["GET"]}}],"collection":[{"href":"https:\/\/kristilliset.com\/fi\/wp-json\/wp\/v2\/pages"}],"about":[{"href":"https:\/\/kristilliset.com\/fi\/wp-json\/wp\/v2\/types\/page"}],"author":[{"embeddable":true,"href":"https:\/\/kristilliset.com\/fi\/wp-json\/wp\/v2\/users\/1"}],"replies":[{"embeddable":true,"href":"https:\/\/kristilliset.com\/fi\/wp-json\/wp\/v2\/comments?post=88"}],"version-history":[{"count":148,"href":"https:\/\/kristilliset.com\/fi\/wp-json\/wp\/v2\/pages\/88\/revisions"}],"predecessor-version":[{"id":3042,"href":"https:\/\/kristilliset.com\/fi\/wp-json\/wp\/v2\/pages\/88\/revisions\/3042"}],"wp:attachment":[{"href":"https:\/\/kristilliset.com\/fi\/wp-json\/wp\/v2\/media?parent=88"}],"curies":[{"name":"wp","href":"https:\/\/api.w.org\/{rel}","templated":true}]}}